{"id":31,"date":"2024-02-29T07:15:21","date_gmt":"2024-02-29T07:15:21","guid":{"rendered":"https:\/\/manantialdefuego.com\/?page_id=31"},"modified":"2025-02-23T18:17:56","modified_gmt":"2025-02-23T18:17:56","slug":"home","status":"publish","type":"page","link":"https:\/\/manantialdefuego.com\/","title":{"rendered":"Home"},"content":{"rendered":"\n<h2 class=\"wp-block-heading\">Manantial de Fuego is a latin rock band from Southern California. <\/h2>\n\n\n\n<p>The band combines classic and new Latin rhythms to create a dynamic and powerful modern rock en espa\u00f1ol sound. The Spanish rock of Manantial de Fuego, or MDF, is as versatile as the Latin culture itself.<\/p>\n\n\n\n<div class=\"wp-block-media-text has-media-on-the-right is-stacked-on-mobile\"><div class=\"wp-block-media-text__content\">\n<p>MDF brings to its audiences a cohesive mix of rock, ska, ballads, cumbias, mambos, punk, amongst others to create it&#8217;s very unique and signature style. MDF has recorded three full albums with all original songs and they are currently droping singles consistently to make sue the Manantial family always has new music to enjoy. The diversity in music that&nbsp;<a href=\"https:\/\/open.spotify.com\/artist\/7pasYPMiUbIk1J4TXodzSs\" target=\"_blank\" rel=\"noreferrer noopener\">MDF<\/a>&nbsp;brings to the table is the reason why it resonates with audiences from all ages and all walks of life, whether they understand the language or not.<\/p>\n<\/div><figure class=\"wp-block-media-text__media\"><img loading=\"lazy\" decoding=\"async\" width=\"1024\" height=\"575\" src=\"https:\/\/manantialdefuego.com\/wp-content\/uploads\/2025\/02\/cropped-IMGL9356-1024x575.jpg\" alt=\"\" class=\"wp-image-196 size-full\" srcset=\"https:\/\/manantialdefuego.com\/wp-content\/uploads\/2025\/02\/cropped-IMGL9356-1024x575.jpg 1024w, https:\/\/manantialdefuego.com\/wp-content\/uploads\/2025\/02\/cropped-IMGL9356-300x169.jpg 300w, https:\/\/manantialdefuego.com\/wp-content\/uploads\/2025\/02\/cropped-IMGL9356-768x432.jpg 768w, https:\/\/manantialdefuego.com\/wp-content\/uploads\/2025\/02\/cropped-IMGL9356-1536x863.jpg 1536w, https:\/\/manantialdefuego.com\/wp-content\/uploads\/2025\/02\/cropped-IMGL9356-990x556.jpg 990w, https:\/\/manantialdefuego.com\/wp-content\/uploads\/2025\/02\/cropped-IMGL9356.jpg 1920w\" sizes=\"auto, (max-width: 1024px) 100vw, 1024px\" \/><\/figure><\/div>\n\n\n\n<div class=\"wp-block-media-text is-stacked-on-mobile\"><figure  class=\"wp-block-media-text__media\"><img loading=\"lazy\" decoding=\"async\" width=\"990\" height=\"660\" alt=\"\" src=\"https:\/\/manantialdefuego.com\/wp-content\/uploads\/2024\/02\/7W6A6694-Edit-990x660.jpg\" class=\"wp-image-39 size-full\" srcset=\"https:\/\/manantialdefuego.com\/wp-content\/uploads\/2024\/02\/7W6A6694-Edit-990x660.jpg 990w, https:\/\/manantialdefuego.com\/wp-content\/uploads\/2024\/02\/7W6A6694-Edit-300x200.jpg 300w, https:\/\/manantialdefuego.com\/wp-content\/uploads\/2024\/02\/7W6A6694-Edit-1024x683.jpg 1024w, https:\/\/manantialdefuego.com\/wp-content\/uploads\/2024\/02\/7W6A6694-Edit-768x512.jpg 768w, https:\/\/manantialdefuego.com\/wp-content\/uploads\/2024\/02\/7W6A6694-Edit-1536x1024.jpg 1536w, https:\/\/manantialdefuego.com\/wp-content\/uploads\/2024\/02\/7W6A6694-Edit-2048x1365.jpg 2048w\" sizes=\"auto, (max-width: 990px) 100vw, 990px\" \/><img loading=\"lazy\" decoding=\"async\" width=\"1024\" height=\"683\" src=\"https:\/\/manantialdefuego.com\/wp-content\/uploads\/2025\/02\/IMGL9477-1024x683.jpg\" alt=\"\" class=\"wp-image-154 size-full\" srcset=\"https:\/\/manantialdefuego.com\/wp-content\/uploads\/2025\/02\/IMGL9477-1024x683.jpg 1024w, https:\/\/manantialdefuego.com\/wp-content\/uploads\/2025\/02\/IMGL9477-300x200.jpg 300w, https:\/\/manantialdefuego.com\/wp-content\/uploads\/2025\/02\/IMGL9477-768x512.jpg 768w, https:\/\/manantialdefuego.com\/wp-content\/uploads\/2025\/02\/IMGL9477-1536x1025.jpg 1536w\" sizes=\"auto, (max-width: 1024px) 100vw, 1024px\" \/><\/figure><div class=\"wp-block-media-text__content\">\n<p><\/p>\n\n\n\n<h2 class=\"wp-block-heading\">Banda de Rock en espa\u00f1ol del Sur de California<\/h2>\n\n\n\n<p><a href=\"https:\/\/www.instagram.com\/manantial_de_fuego\/?hl=en\">Manantial de Fuego<\/a>\u00a0es una banda de rock latino de Hesperia California. La bandam mezcla ritmos latinos para crear un rock en espa\u00f1ol moderno y din\u00e1mico. El rock en espa\u00f1ol de Manantial de Fuego, tambi\u00e9n conocido como MDF, es tan diverso como lo es la cultura latina. MDF comparte con su audiencia una mezcla de rock, ska, baladas, cumbias, mambos, punk, entre otros para crear su propio estilo \u00fanico. Manantial de Fuego a grabado tres discos completos con canciones originales y en estos momentos esta lanzado sencillo tras sencillo para el deletede la familia de Fuego. La diversidad en la m\u00fasica de MDF es la raz\u00f3n por la cual es tan aceptada por audiencias de todas las edades y gustos, sobrepasando las barreras del lenguaje.<\/p>\n<\/div><\/div>\n","protected":false},"excerpt":{"rendered":"<p>Manantial de Fuego is a latin rock band from Southern California. The band combines classic and new Latin rhythms to create a dynamic and powerful modern rock en espa\u00f1ol sound. &hellip; <a href=\"https:\/\/manantialdefuego.com\/\" class=\"more-link\"><span class=\"more-button\">Continue Reading<span class=\"screen-reader-text\">Home<\/span><\/span><\/a><\/p>\n","protected":false},"author":1,"featured_media":39,"parent":0,"menu_order":0,"comment_status":"closed","ping_status":"closed","template":"","meta":{"footnotes":""},"class_list":["post-31","page","type-page","status-publish","has-post-thumbnail","hentry"],"_links":{"self":[{"href":"https:\/\/manantialdefuego.com\/index.php\/wp-json\/wp\/v2\/pages\/31","targetHints":{"allow":["GET"]}}],"collection":[{"href":"https:\/\/manantialdefuego.com\/index.php\/wp-json\/wp\/v2\/pages"}],"about":[{"href":"https:\/\/manantialdefuego.com\/index.php\/wp-json\/wp\/v2\/types\/page"}],"author":[{"embeddable":true,"href":"https:\/\/manantialdefuego.com\/index.php\/wp-json\/wp\/v2\/users\/1"}],"replies":[{"embeddable":true,"href":"https:\/\/manantialdefuego.com\/index.php\/wp-json\/wp\/v2\/comments?post=31"}],"version-history":[{"count":8,"href":"https:\/\/manantialdefuego.com\/index.php\/wp-json\/wp\/v2\/pages\/31\/revisions"}],"predecessor-version":[{"id":241,"href":"https:\/\/manantialdefuego.com\/index.php\/wp-json\/wp\/v2\/pages\/31\/revisions\/241"}],"wp:featuredmedia":[{"embeddable":true,"href":"https:\/\/manantialdefuego.com\/index.php\/wp-json\/wp\/v2\/media\/39"}],"wp:attachment":[{"href":"https:\/\/manantialdefuego.com\/index.php\/wp-json\/wp\/v2\/media?parent=31"}],"curies":[{"name":"wp","href":"https:\/\/api.w.org\/{rel}","templated":true}]}}